{"id":3306,"date":"2022-09-22T13:18:23","date_gmt":"2022-09-22T11:18:23","guid":{"rendered":"https:\/\/nadnarwianka.pultusk24.pl\/?page_id=3306"},"modified":"2023-08-04T09:23:35","modified_gmt":"2023-08-04T07:23:35","slug":"kontakt","status":"publish","type":"page","link":"https:\/\/nadnarwianka.pultusk24.pl\/?page_id=3306","title":{"rendered":"Kontakt"},"content":{"rendered":"\n<p><\/p>\n\n\n\n<p>MLKS Nadnarwianka Pu\u0142tusk<br>ul. Heleny Pilejczyk 6, 06-100 Pu\u0142tusk<br>e-mail: nadnarwiankapultusk@gmail.com<br>Facebook: <a href=\"https:\/\/www.facebook.com\/profile.php?id=100095044700030\" target=\"_blank\" rel=\"noreferrer noopener\">MLKS Nadnarwianka Pu\u0142tusk<\/a><br>Prezes: Micha\u0142 S\u0119p\u0142awski, tel.: 793\u00a0253\u00a0061<br>Wiceprezes (sekcja szachowa): Pawe\u0142 Komorowski, tel.: 604 520\u00a0172<br>Kierownik dru\u017cyny pi\u0142karskiej: Grzegorz Mi\u0142oszewski, tel.: 697\u00a0108 963<\/p>\n\n\n\n<p><\/p>\n\n\n\n<p>Administrator strony:<br>Pu\u0142tuska Gazeta Powiatowa<br>ul. Kotlarska 8, 06-100 Pu\u0142tusk<br>e-mail: <a href=\"mailto:karolina.pawlenska@pultusk24.pl\">karolina.pawlenska@pultusk24.pl<\/a><br>tel.: 500&nbsp;098&nbsp;229<\/p>\n","protected":false},"excerpt":{"rendered":"<p>MLKS Nadnarwianka Pu\u0142tuskul. Heleny Pilejczyk 6, 06-100 Pu\u0142tuske-mail: nadnarwiankapultusk@gmail.comFacebook: MLKS Nadnarwianka Pu\u0142tuskPrezes: Micha\u0142 S\u0119p\u0142awski, tel.: 793\u00a0253\u00a0061Wiceprezes (sekcja szachowa): Pawe\u0142 Komorowski, tel.: 604 520\u00a0172Kierownik dru\u017cyny pi\u0142karskiej: Grzegorz Mi\u0142oszewski, tel.: 697\u00a0108 &#8230; <a title=\"Kontakt\" class=\"read-more\" href=\"https:\/\/nadnarwianka.pultusk24.pl\/?page_id=3306\" aria-label=\"More on Kontakt\">Czytaj dalej<\/a><\/p>\n","protected":false},"author":2,"featured_media":0,"parent":0,"menu_order":0,"comment_status":"closed","ping_status":"closed","template":"","meta":{"footnotes":""},"class_list":["post-3306","page","type-page","status-publish"],"_links":{"self":[{"href":"https:\/\/nadnarwianka.pultusk24.pl\/index.php?rest_route=\/wp\/v2\/pages\/3306","targetHints":{"allow":["GET"]}}],"collection":[{"href":"https:\/\/nadnarwianka.pultusk24.pl\/index.php?rest_route=\/wp\/v2\/pages"}],"about":[{"href":"https:\/\/nadnarwianka.pultusk24.pl\/index.php?rest_route=\/wp\/v2\/types\/page"}],"author":[{"embeddable":true,"href":"https:\/\/nadnarwianka.pultusk24.pl\/index.php?rest_route=\/wp\/v2\/users\/2"}],"replies":[{"embeddable":true,"href":"https:\/\/nadnarwianka.pultusk24.pl\/index.php?rest_route=%2Fwp%2Fv2%2Fcomments&post=3306"}],"version-history":[{"count":6,"href":"https:\/\/nadnarwianka.pultusk24.pl\/index.php?rest_route=\/wp\/v2\/pages\/3306\/revisions"}],"predecessor-version":[{"id":4953,"href":"https:\/\/nadnarwianka.pultusk24.pl\/index.php?rest_route=\/wp\/v2\/pages\/3306\/revisions\/4953"}],"wp:attachment":[{"href":"https:\/\/nadnarwianka.pultusk24.pl\/index.php?rest_route=%2Fwp%2Fv2%2Fmedia&parent=3306"}],"curies":[{"name":"wp","href":"https:\/\/api.w.org\/{rel}","templated":true}]}}